{"id":691,"date":"2019-04-10T14:59:49","date_gmt":"2019-04-10T14:59:49","guid":{"rendered":"http:\/\/wordcraft.pro\/?page_id=691&#038;lang=fr"},"modified":"2019-05-06T17:49:04","modified_gmt":"2019-05-06T17:49:04","slug":"nos-references","status":"publish","type":"page","link":"https:\/\/wordcraft.pro\/fr\/nos-references\/","title":{"rendered":"Nos R\u00e9f\u00e9rences"},"content":{"rendered":"<p><strong>QUELQUES UNS DE NOS CLIENTS<\/strong><\/p>\n<p>&nbsp;<\/p>\n<p>Chambre de Commerce et d\u2019Industrie de Marseille-Provence<\/p>\n<p>CNRS<\/p>\n<p>Coll\u00e8ge d\u2019Ost\u00e9opathie de Provence<\/p>\n<p>Consulat G\u00e9n\u00e9ral de France \u00e0 la Nouvelle Orl\u00e9ans (Louisiane)<\/p>\n<p>Consulat G\u00e9n\u00e9ral des Etats Unis et Consulat G\u00e9n\u00e9ral de Grande Bretagne \u00e0 Marseille<\/p>\n<p>Core Advice<\/p>\n<p>Ekkyo<\/p>\n<p>Encyclop\u00e6dia Iranica (Universit\u00e9 Columbia \u2013 New York)<\/p>\n<p>English-on-Demand<\/p>\n<p>EuroRSCG<\/p>\n<p>Eurom\u00e9diterran\u00e9e<\/p>\n<p>Fondation Europ\u00e9enne de la Science<\/p>\n<p>Fondation Vasarely<\/p>\n<p>Impika<\/p>\n<p>IREMAM<\/p>\n<p>ISTE Ltd (Editeur\/Londres)<\/p>\n<p>Jean Martin<\/p>\n<p>MAABN<\/p>\n<p>MMSH (Maison M\u00e9diterran\u00e9enne des Sciences de l\u2019Homme)<\/p>\n<p>Agence [MAP]<\/p>\n<p>Mailclub<\/p>\n<p>Marseille Am\u00e9nagement<\/p>\n<p>Marseille-Provence 2013<\/p>\n<p>Promeds<\/p>\n<p>Provence Promotion<\/p>\n<p>RTE<\/p>\n<p>Soci\u00e9t\u00e9 du Terminal M\u00e9thanier de Fos Cavaou<\/p>\n<p>Universit\u00e9 de Provence<\/p>\n<p>La Souris Verte<\/p>\n<p>Vaucluse D\u00e9veloppement<\/p>\n<p>&nbsp;<\/p>\n<p>Et de nombreux auteurs parmi lesquels:<\/p>\n<p>Robin Ostle (St John\u2019s College Universit\u00e9 d\u2019Oxford)<\/p>\n<p>Christian Bromberger (MMSH)<\/p>\n<p>Randi DeGuilhem (MMSH- CNRS)<\/p>\n<p>Myriam Catusse (Institut Fran\u00e7ais du Proche Orient \u00e0 Beyrouth -CNRS)<br \/>\n<img loading=\"lazy\" class=\" wp-image-1221 alignnone\" src=\"http:\/\/wordcraft.pro\/wp-content\/uploads\/2019\/05\/clear.png\" alt=\"\" width=\"21\" height=\"28\" \/><\/p>\n","protected":false},"excerpt":{"rendered":"<p>QUELQUES UNS DE NOS CLIENTS &nbsp; Chambre de Commerce et d\u2019Industrie de Marseille-Provence CNRS Coll\u00e8ge d\u2019Ost\u00e9opathie de Provence Consulat G\u00e9n\u00e9ral de France \u00e0 la Nouvelle Orl\u00e9ans (Louisiane) Consulat G\u00e9n\u00e9ral des Etats Unis et Consulat G\u00e9n\u00e9ral de Grande Bretagne \u00e0 Marseille Core Advice Ekkyo Encyclop\u00e6dia Iranica (Universit\u00e9 Columbia \u2013 New York) English-on-Demand EuroRSCG Eurom\u00e9diterran\u00e9e Fondation Europ\u00e9enne [&hellip;]<\/p>\n","protected":false},"author":2,"featured_media":0,"parent":0,"menu_order":0,"comment_status":"closed","ping_status":"closed","template":"page-full-no-sidebar.php","meta":[],"_links":{"self":[{"href":"https:\/\/wordcraft.pro\/fr\/wp-json\/wp\/v2\/pages\/691"}],"collection":[{"href":"https:\/\/wordcraft.pro\/fr\/wp-json\/wp\/v2\/pages"}],"about":[{"href":"https:\/\/wordcraft.pro\/fr\/wp-json\/wp\/v2\/types\/page"}],"author":[{"embeddable":true,"href":"https:\/\/wordcraft.pro\/fr\/wp-json\/wp\/v2\/users\/2"}],"replies":[{"embeddable":true,"href":"https:\/\/wordcraft.pro\/fr\/wp-json\/wp\/v2\/comments?post=691"}],"version-history":[{"count":7,"href":"https:\/\/wordcraft.pro\/fr\/wp-json\/wp\/v2\/pages\/691\/revisions"}],"predecessor-version":[{"id":1275,"href":"https:\/\/wordcraft.pro\/fr\/wp-json\/wp\/v2\/pages\/691\/revisions\/1275"}],"wp:attachment":[{"href":"https:\/\/wordcraft.pro\/fr\/wp-json\/wp\/v2\/media?parent=691"}],"curies":[{"name":"wp","href":"https:\/\/api.w.org\/{rel}","templated":true}]}}