{"id":761,"date":"2019-04-11T14:11:16","date_gmt":"2019-04-11T14:11:16","guid":{"rendered":"http:\/\/wordcraft.pro\/?page_id=761&#038;lang=fr"},"modified":"2019-05-06T17:48:14","modified_gmt":"2019-05-06T17:48:14","slug":"traduction","status":"publish","type":"page","link":"https:\/\/wordcraft.pro\/fr\/traduction\/","title":{"rendered":"Traduction et d\u00e9veloppement de contenu"},"content":{"rendered":"<p><span class=\"tlid-translation translation\" lang=\"fr\">Traduction et d\u00e9veloppement de contenu<\/span><\/p>\n<p>Traduction et d\u00e9veloppement de contenu En tant que traducteurs et r\u00e9dacteurs, nous sommes fiers de produire des communications bien con\u00e7ues. Notre sp\u00e9cialit\u00e9 est le contenu et nous mettons tout en \u0153uvre pour comprendre votre concept, \u00e9crire pour votre public et renforcer votre positionnement strat\u00e9gique. Notre objectif est de vous fournir la meilleure traduction et la meilleure ex\u00e9cution possible, nous le savons.<\/p>\n<p>Notre garantie de qualit\u00e9 repose sur plus de 30 ans d\u2019exp\u00e9rience en traduction et d\u00e9veloppement de textes en fran\u00e7ais, anglais ou portugais. Nos traductions (et vos originaux) seront finalement soumises \u00e0 un test de lisibilit\u00e9 et de conservation. Ce sont notre stock en commerce. Demandez nous un devis.<\/p>\n<p>Nous fournissons des communiqu\u00e9s de presse, des articles, du contenu de blog, une copie de site Web, du contenu de m\u00e9dias sociaux, etc. Nos clients comprennent de grandes entreprises, des entreprises en d\u00e9marrage, des cabinets d\u2019avocats, des organisations \u00e0 but non lucratif, des fabricants, des organisations gouvernementales et politiques, des bureaux de conseil et des \u00e9glises &#8211; ainsi que tous les types de soci\u00e9t\u00e9s ou d\u2019organisations interm\u00e9diaires.<\/p>\n<p>Il y a une bonne raison pour laquelle nous sommes un partenaire de confiance pour de nombreux types d&rsquo;organisations. Nos r\u00e9dacteurs et traducteurs appliquent leurs ann\u00e9es d&rsquo;exp\u00e9rience en relations publiques, marketing et salle de r\u00e9daction \u00e0 un processus de r\u00e9daction et de r\u00e9vision rapide et efficace, offrant un contenu de qualit\u00e9 sup\u00e9rieure \u00e0 bas prix. De la traduction \u00e0 la distribution et \u00e0 la consultation, en passant par la r\u00e9daction et la correction d&rsquo;\u00e9preuves, nous sommes le partenaire dont vous avez besoin<\/p>\n<p><\/p>\n","protected":false},"excerpt":{"rendered":"<p>Traduction et d\u00e9veloppement de contenu Traduction et d\u00e9veloppement de contenu En tant que traducteurs et r\u00e9dacteurs, nous sommes fiers de produire des communications bien con\u00e7ues. Notre sp\u00e9cialit\u00e9 est le contenu et nous mettons tout en \u0153uvre pour comprendre votre concept, \u00e9crire pour votre public et renforcer votre positionnement strat\u00e9gique. Notre objectif est de vous fournir [&hellip;]<\/p>\n","protected":false},"author":3,"featured_media":0,"parent":0,"menu_order":0,"comment_status":"closed","ping_status":"closed","template":"page-full-no-sidebar.php","meta":[],"_links":{"self":[{"href":"https:\/\/wordcraft.pro\/fr\/wp-json\/wp\/v2\/pages\/761"}],"collection":[{"href":"https:\/\/wordcraft.pro\/fr\/wp-json\/wp\/v2\/pages"}],"about":[{"href":"https:\/\/wordcraft.pro\/fr\/wp-json\/wp\/v2\/types\/page"}],"author":[{"embeddable":true,"href":"https:\/\/wordcraft.pro\/fr\/wp-json\/wp\/v2\/users\/3"}],"replies":[{"embeddable":true,"href":"https:\/\/wordcraft.pro\/fr\/wp-json\/wp\/v2\/comments?post=761"}],"version-history":[{"count":5,"href":"https:\/\/wordcraft.pro\/fr\/wp-json\/wp\/v2\/pages\/761\/revisions"}],"predecessor-version":[{"id":1272,"href":"https:\/\/wordcraft.pro\/fr\/wp-json\/wp\/v2\/pages\/761\/revisions\/1272"}],"wp:attachment":[{"href":"https:\/\/wordcraft.pro\/fr\/wp-json\/wp\/v2\/media?parent=761"}],"curies":[{"name":"wp","href":"https:\/\/api.w.org\/{rel}","templated":true}]}}