{"id":930,"date":"2019-04-15T14:00:45","date_gmt":"2019-04-15T14:00:45","guid":{"rendered":"http:\/\/wordcraft.pro\/?page_id=930&#038;lang=fr"},"modified":"2019-04-16T14:38:11","modified_gmt":"2019-04-16T14:38:11","slug":"cookies","status":"publish","type":"page","link":"https:\/\/wordcraft.pro\/fr\/cookies\/","title":{"rendered":"Ce site utilise des cookies"},"content":{"rendered":"<p>La politique europ\u00e9enne pour le dispositif &laquo;&nbsp;cookies&nbsp;&raquo;<\/p>\n<p>Politique europ\u00e9enne en mati\u00e8re de cookies<\/p>\n<p>Ce site utilise des cookies \u2013 de petits fichiers au format texte qui sont cr\u00e9\u00e9s sur votre ordinateur pour aider le site \u00e0 fournir une meilleure exp\u00e9rience \u00e0 l\u2019utilisateur. En g\u00e9n\u00e9ral, les cookies sont utilis\u00e9s pour retenir les pr\u00e9f\u00e9rences de l\u2019utilisateur ou retenir des informations comme des paniers d\u2019achats ou encore\u00a0 pour fournir des informations anonymis\u00e9es de suivi pour des applications comme Google Analytics. La r\u00e8gle est que les cookies am\u00e9liorent votre exp\u00e9rience de navigation. Cependant vous pouvez pr\u00e9f\u00e9rer de d\u00e9sactiver les cookies pour ce site et les autres. La m\u00e9thode la plus efficace est de les\u00a0 d\u00e9sactiver dans votre navigateur. Nous vous conseillons de consulter\u00a0 la rubrique\u00a0 \u00ab\u00a0Aide\u00a0\u00bb de votre navigateur, ou le site (en anglais)\u00a0<a href=\"http:\/\/www.aboutcookies.org\/\" target=\"_blank\" rel=\"noopener noreferrer\">the About Cookies website<\/a> qui propose des proc\u00e9dures pour tous les navigateurs actuels.<\/p>\n","protected":false},"excerpt":{"rendered":"<p>La politique europ\u00e9enne pour le dispositif &laquo;&nbsp;cookies&nbsp;&raquo; Politique europ\u00e9enne en mati\u00e8re de cookies Ce site utilise des cookies \u2013 de petits fichiers au format texte qui sont cr\u00e9\u00e9s sur votre ordinateur pour aider le site \u00e0 fournir une meilleure exp\u00e9rience \u00e0 l\u2019utilisateur. En g\u00e9n\u00e9ral, les cookies sont utilis\u00e9s pour retenir les pr\u00e9f\u00e9rences de l\u2019utilisateur ou [&hellip;]<\/p>\n","protected":false},"author":2,"featured_media":0,"parent":0,"menu_order":0,"comment_status":"closed","ping_status":"closed","template":"page-full-no-sidebar.php","meta":[],"_links":{"self":[{"href":"https:\/\/wordcraft.pro\/fr\/wp-json\/wp\/v2\/pages\/930"}],"collection":[{"href":"https:\/\/wordcraft.pro\/fr\/wp-json\/wp\/v2\/pages"}],"about":[{"href":"https:\/\/wordcraft.pro\/fr\/wp-json\/wp\/v2\/types\/page"}],"author":[{"embeddable":true,"href":"https:\/\/wordcraft.pro\/fr\/wp-json\/wp\/v2\/users\/2"}],"replies":[{"embeddable":true,"href":"https:\/\/wordcraft.pro\/fr\/wp-json\/wp\/v2\/comments?post=930"}],"version-history":[{"count":3,"href":"https:\/\/wordcraft.pro\/fr\/wp-json\/wp\/v2\/pages\/930\/revisions"}],"predecessor-version":[{"id":1161,"href":"https:\/\/wordcraft.pro\/fr\/wp-json\/wp\/v2\/pages\/930\/revisions\/1161"}],"wp:attachment":[{"href":"https:\/\/wordcraft.pro\/fr\/wp-json\/wp\/v2\/media?parent=930"}],"curies":[{"name":"wp","href":"https:\/\/api.w.org\/{rel}","templated":true}]}}