{"id":978,"date":"2019-04-15T16:04:22","date_gmt":"2019-04-15T16:04:22","guid":{"rendered":"http:\/\/wordcraft.pro\/fr\/?page_id=978"},"modified":"2019-04-16T10:12:27","modified_gmt":"2019-04-16T10:12:27","slug":"notes-blog","status":"publish","type":"page","link":"https:\/\/wordcraft.pro\/fr\/notes-blog\/","title":{"rendered":"Notes &#8211; Blog"},"content":{"rendered":"<p><strong>PEUT-ON COLONISER LES COLONISATEURS?<br \/>\nou, <\/strong><em>Versune nouvelle \u00e8re de syncr\u00e9tisme?<\/em><\/p>\n<p>La le\u00e7on que jeretiens de mes 20 ans sur le vieux continent, c\u2019est justement que l\u2019on ne peut pas coloniser le colonisateur, tant que le colonisateur reste ma\u00eetre de son histoire. Mais que veut dire \u00ab\u00a0rester ma\u00eetre de son histoire\u00a0\u00bb ?<\/p>\n<p>La colonisation (lire: la conqu\u00eate) du monde lanc\u00e9e au XVe si\u00e8cle telle une contre-offensive \u00e0 la mainmise ottomane et v\u00e9nitienne sur le commerce avec l&rsquo;extr\u00eame orient, n&rsquo;\u00e9tait en fait qu&rsquo;une exportation, une imposition par la force des armes de nos histoires occidentales, autant d&rsquo;histoires et de certitudes transform\u00e9es en discours de pouvoir dans la chasse aux richesses et la dominance des march\u00e9s d&rsquo;\u00e9pices. Ces \u00ab\u00a0discours de pouvoir\u00a0\u00bb ont \u00e9t\u00e9 reconnus par des soci\u00e9t\u00e9s moins sophistiqu\u00e9es (lire\u00a0: \u00ab\u00a0avec histoires culturelles moins affirm\u00e9es\u00a0\u00bb) comme \u00e9tant une \u00ab\u00a0m\u00e9decine plus forte\u00a0\u00bb que la leur.<\/p>\n<p><img loading=\"lazy\" class=\"alignleft size-medium wp-image-992\" src=\"http:\/\/wordcraft.pro\/wp-content\/uploads\/2019\/04\/DAVID-Jacques-Louis-The-Loves-of-Paris-and-Helen-300x241.jpg\" alt=\"\" width=\"300\" height=\"241\" srcset=\"https:\/\/wordcraft.pro\/wp-content\/uploads\/2019\/04\/DAVID-Jacques-Louis-The-Loves-of-Paris-and-Helen-300x241.jpg 300w, https:\/\/wordcraft.pro\/wp-content\/uploads\/2019\/04\/DAVID-Jacques-Louis-The-Loves-of-Paris-and-Helen-180x144.jpg 180w, https:\/\/wordcraft.pro\/wp-content\/uploads\/2019\/04\/DAVID-Jacques-Louis-The-Loves-of-Paris-and-Helen-768x616.jpg 768w, https:\/\/wordcraft.pro\/wp-content\/uploads\/2019\/04\/DAVID-Jacques-Louis-The-Loves-of-Paris-and-Helen-1024x821.jpg 1024w, https:\/\/wordcraft.pro\/wp-content\/uploads\/2019\/04\/DAVID-Jacques-Louis-The-Loves-of-Paris-and-Helen.jpg 1030w\" sizes=\"(max-width: 300px) 100vw, 300px\" \/>Paris et H\u00e9l\u00e8ne<br \/>\npar Jacques-Louis David (1788)<br \/>\nParis, Mus\u00e9e des Arts D\u00e9coratifs<\/p>\n<p>Aujourd&rsquo;hui il est \u00e9vident que la ruse et la d\u00e9termination ne correspondent plus \u00e0 la vision ou la promesse (l&rsquo;utopie) d&rsquo;une vie meilleure qui animait le c\u0153ur de nos anc\u00eatres. Aujourd&rsquo;hui nous nous tournons davantage vers les histoires des peuples assujettis dont la vie est en phase avec la terre-m\u00e8re, le soleil-p\u00e8re et la lune-s\u0153ur.<\/p>\n<p>Dans notre histoire nous avons confondu le message avec le narratif. Le \u00ab\u00a0discours du pouvoir\u00a0\u00bb,dans toute sa puissance n&rsquo;\u00e9tait qu&rsquo;une articulation du courant qui sous-tend l&rsquo;humanit\u00e9. Ce courant est une force en devenir. Ce courant pousse in\u00e9luctablement \u00e0 la colonisation, \u00e0 la capture de nouvelles \u00e9nergies toujours \u00e0 son \u00e9chelle.<\/p>\n<p>Dans le contexte europ\u00e9en, cette force s&rsquo;est exprim\u00e9e dans un discours puissant qui s&rsquo;appuie encore sur les narratifs qui ne sont pas forc\u00e9ment ceux d&rsquo;Hom\u00e8re mais n\u2019en demeurent pas moins des narratifs des temps classiques occidentaux.<\/p>\n<p>&nbsp;<\/p>\n<p><em>http:\/\/www.herodote.net\/histoire\/synthese.php?ID=636&amp;ID_dossier=6<\/em><\/p>\n","protected":false},"excerpt":{"rendered":"<p>PEUT-ON COLONISER LES COLONISATEURS? ou, Versune nouvelle \u00e8re de syncr\u00e9tisme? La le\u00e7on que jeretiens de mes 20 ans sur le vieux continent, c\u2019est justement que l\u2019on ne peut pas coloniser le colonisateur, tant que le colonisateur reste ma\u00eetre de son histoire. Mais que veut dire \u00ab\u00a0rester ma\u00eetre de son histoire\u00a0\u00bb ? La colonisation (lire: la [&hellip;]<\/p>\n","protected":false},"author":2,"featured_media":992,"parent":0,"menu_order":0,"comment_status":"closed","ping_status":"closed","template":"page-full-no-sidebar_2.php","meta":[],"_links":{"self":[{"href":"https:\/\/wordcraft.pro\/fr\/wp-json\/wp\/v2\/pages\/978"}],"collection":[{"href":"https:\/\/wordcraft.pro\/fr\/wp-json\/wp\/v2\/pages"}],"about":[{"href":"https:\/\/wordcraft.pro\/fr\/wp-json\/wp\/v2\/types\/page"}],"author":[{"embeddable":true,"href":"https:\/\/wordcraft.pro\/fr\/wp-json\/wp\/v2\/users\/2"}],"replies":[{"embeddable":true,"href":"https:\/\/wordcraft.pro\/fr\/wp-json\/wp\/v2\/comments?post=978"}],"version-history":[{"count":5,"href":"https:\/\/wordcraft.pro\/fr\/wp-json\/wp\/v2\/pages\/978\/revisions"}],"predecessor-version":[{"id":993,"href":"https:\/\/wordcraft.pro\/fr\/wp-json\/wp\/v2\/pages\/978\/revisions\/993"}],"wp:featuredmedia":[{"embeddable":true,"href":"https:\/\/wordcraft.pro\/fr\/wp-json\/wp\/v2\/media\/992"}],"wp:attachment":[{"href":"https:\/\/wordcraft.pro\/fr\/wp-json\/wp\/v2\/media?parent=978"}],"curies":[{"name":"wp","href":"https:\/\/api.w.org\/{rel}","templated":true}]}}