{"id":1166,"date":"2019-04-16T15:59:56","date_gmt":"2019-04-16T15:59:56","guid":{"rendered":"http:\/\/wordcraft.pro\/pt-br\/?page_id=1166"},"modified":"2019-04-16T15:59:56","modified_gmt":"2019-04-16T15:59:56","slug":"word-notes","status":"publish","type":"page","link":"https:\/\/wordcraft.pro\/pt-br\/word-notes\/","title":{"rendered":"Word Notes"},"content":{"rendered":"<p>Welcome to\u00a0Word.Notes, the Wordcraft blog.<br \/>\nThis space will be used to post articles of interest and link to others that friends and customers might find useful. We hope you will find this space of interest and will share your comments and reactions, as the spirit moves.<\/p>\n<p><strong>LANGUAGE AS &#8220;ENGAGEMENT IN THE WORLD&#8221;<\/strong><br \/>\n[<strong>Synopsis<\/strong><em>: Le Directeur du British Museum deviendra d\u00e8s le premier janvier 2016, l&#8217;un des co-directeurs fondateurs de l&#8217;Institut Humboldt. Neil MacGregor, enfant du &#8220;baby boom&#8221; a b\u00e2ti sa carri\u00e8re sur l&#8217;id\u00e9e que la langue repr\u00e9sente un &#8220;engagement dans le monde&#8221; et sur une vision de l&#8217;allemand comme expression de\u00a0l&#8217;universalit\u00e9 linguistique et culturelle europ\u00e9enne.<\/em>\u00a0]<\/p>\n<p>Fascinated by the idea that language is an &#8220;engagement in the world&#8221;, British Museum director, Neil MacGregor, 69, will become one of three founding directors of the Berlin, Humboldt Forum.<\/p>\n<p>MacGregor, a linguist, lawyer and art historian has built his professional life around the idea of language and culture, going so far as to defend the idea of Europe as a single linguistic space, with differences and connections but a shared culture.<\/p>\n<p>His fascination with the German language and culture arose from an understanding of how the German people over a millennium internalized the idea of &#8220;a wide cultural space without political frontiers\u201d, unlike the English or French. As a result, MacGregor continues, Germans find common ground in language, a language that was &#8220;deliberately shaped by Luther to speak to ordinary people across this huge area\u201d.<\/p>\n<p>The issue of German aggression and the unspeakable barbarism of the Nazis is not a minor question. But the real question, beyond the nature of evil, &#8220;is the terrifying fragility of civilization, all civilizations&#8221;.<\/p>\n<p><strong>Source:<\/strong>\u00a0<a href=\"http:\/\/www.nytimes.com\/2015\/10\/17\/world\/europe\/british-museums-director-follows-a-fascination-to-germany.html?_r=1\" target=\"_blank\" rel=\"noopener noreferrer\"><em>http:\/\/www.nytimes.com\/2015\/10\/17\/world\/europe\/british-museums-director-follows-a-fascination-to-germany.html?_r=1<\/em><\/a><\/p>\n","protected":false},"excerpt":{"rendered":"<p>Welcome to\u00a0Word.Notes, the Wordcraft blog. This space will be used to post articles of interest and link to others that friends and customers might find useful. We hope you will find this space of interest and will share your comments and reactions, as the spirit moves. LANGUAGE AS &#8220;ENGAGEMENT IN THE WORLD&#8221; [Synopsis: Le Directeur [&hellip;]<\/p>\n","protected":false},"author":2,"featured_media":0,"parent":0,"menu_order":0,"comment_status":"closed","ping_status":"closed","template":"page-full-no-sidebar_2.php","meta":[],"_links":{"self":[{"href":"https:\/\/wordcraft.pro\/pt-br\/wp-json\/wp\/v2\/pages\/1166"}],"collection":[{"href":"https:\/\/wordcraft.pro\/pt-br\/wp-json\/wp\/v2\/pages"}],"about":[{"href":"https:\/\/wordcraft.pro\/pt-br\/wp-json\/wp\/v2\/types\/page"}],"author":[{"embeddable":true,"href":"https:\/\/wordcraft.pro\/pt-br\/wp-json\/wp\/v2\/users\/2"}],"replies":[{"embeddable":true,"href":"https:\/\/wordcraft.pro\/pt-br\/wp-json\/wp\/v2\/comments?post=1166"}],"version-history":[{"count":1,"href":"https:\/\/wordcraft.pro\/pt-br\/wp-json\/wp\/v2\/pages\/1166\/revisions"}],"predecessor-version":[{"id":1167,"href":"https:\/\/wordcraft.pro\/pt-br\/wp-json\/wp\/v2\/pages\/1166\/revisions\/1167"}],"wp:attachment":[{"href":"https:\/\/wordcraft.pro\/pt-br\/wp-json\/wp\/v2\/media?parent=1166"}],"curies":[{"name":"wp","href":"https:\/\/api.w.org\/{rel}","templated":true}]}}