{"id":689,"date":"2019-04-10T14:56:49","date_gmt":"2019-04-10T14:56:49","guid":{"rendered":"http:\/\/wordcraft.pro\/?page_id=689&#038;lang=pt-br"},"modified":"2019-05-06T17:16:59","modified_gmt":"2019-05-06T17:16:59","slug":"nossos-servicos","status":"publish","type":"page","link":"https:\/\/wordcraft.pro\/pt-br\/nossos-servicos\/","title":{"rendered":"Nossos Servi\u00e7os"},"content":{"rendered":"<p>N\u00f3s somos tradutores e autores de textos e n\u00f3s nos esfor\u00e7amos para produzir conte\u00fados animados e envolventes que atendem aos crit\u00e9rios do conceptor e do cliente. Nosso objetivo \u00e9 sempre <strong>de <\/strong>passar sua mensagem, de maneira que sejam respeitados o estilo e o tom do autor, com \u00ean<strong>fase <\/strong>\u00a0na clareza e na legibilidade de suas comunica\u00e7\u00f5es.<\/p>\n<p>O nosso profissionalismo \u00e9 baseado em nossas compet\u00eancias lingu\u00edsticas,\u00a0em\u00a0nossa experi\u00eancia no uso das palavras e em nossa fiabilidade e respeito \u00e0 confian\u00e7a que voc\u00ea nos faz <strong>enquanto a manipula\u00e7\u00e3o de <\/strong>suas comunica\u00e7\u00f5es.<\/p>\n<p>N\u00f3s somos nativos angl\u00f3fonos, franc\u00f3fonos e <strong>lus\u00f3fonos<\/strong>.\u00a0N\u00f3s\u00a0traduzimos, editamos, gravamos e at\u00e9 mesmo criamos comunica\u00e7\u00f5es a partir de seu\u00a0texto ou de uma <strong>miss\u00e3o de trabalho<\/strong>. N\u00f3s somos <strong>aqueles <\/strong>que facilitam o exporta\u00e7\u00e3o <strong>de suas ideias.<\/strong><\/p>\n<p><strong>N\u00f3s traduzimos<\/strong><\/p>\n<p>Na tradu\u00e7\u00e3o de seu projeto escrito, n\u00f3s respeitamos o seu estilo e as suas inten\u00e7\u00f5es e preparamos textos\u00a0adaptados \u00e0s pr\u00e1ticas culturais de seu leitor alvo.\u00a0Trabalhamos em\u00a0muitas \u00e1reas, inclusive com textos\u00a0cient\u00edficos e liter\u00e1rios, textos acad\u00eamicos especializados (principalmente nas ci\u00eancias sociais), sites de empresa ou de turismo, folhetos de produtos ou brochuras de empresa e documentos de estado civil.<\/p>\n<p><strong>N\u00f3s escrevemos<\/strong><\/p>\n<p>N\u00f3s produzimos conte\u00fados para todas as m\u00eddias: publicidades e cat\u00e1logos de produtos de exibi\u00e7\u00e3o (com layout), folhetos de vendas e brochuras, textos curtos ou mais desenvolvidos <strong>infomerciais<\/strong>, comunica\u00e7\u00f5es de imprensa ou legendas de fotos.<\/p>\n<p><strong>N\u00f3s agregamos valor \u00e0s suas comunica\u00e7\u00f5es<\/strong><\/p>\n<p>N\u00f3s garantimos conte\u00fado e linha editorial conforme os <strong>objetivos<\/strong> do seu site, do seu documento ou do texto \u00e0\u00a0traduzir.<\/p>\n<p>Em um mundo sem fronteiras a qualidade de suas comunica\u00e7\u00f5es \u00e9 o reflexo de\u00a0sua marca de qualidade.<\/p>\n<p><\/p>\n","protected":false},"excerpt":{"rendered":"<p>N\u00f3s somos tradutores e autores de textos e n\u00f3s nos esfor\u00e7amos para produzir conte\u00fados animados e envolventes que atendem aos crit\u00e9rios do conceptor e do cliente. Nosso objetivo \u00e9 sempre de passar sua mensagem, de maneira que sejam respeitados o estilo e o tom do autor, com \u00eanfase \u00a0na clareza e na legibilidade de suas [&hellip;]<\/p>\n","protected":false},"author":2,"featured_media":0,"parent":0,"menu_order":0,"comment_status":"closed","ping_status":"closed","template":"page-full-no-sidebar.php","meta":[],"_links":{"self":[{"href":"https:\/\/wordcraft.pro\/pt-br\/wp-json\/wp\/v2\/pages\/689"}],"collection":[{"href":"https:\/\/wordcraft.pro\/pt-br\/wp-json\/wp\/v2\/pages"}],"about":[{"href":"https:\/\/wordcraft.pro\/pt-br\/wp-json\/wp\/v2\/types\/page"}],"author":[{"embeddable":true,"href":"https:\/\/wordcraft.pro\/pt-br\/wp-json\/wp\/v2\/users\/2"}],"replies":[{"embeddable":true,"href":"https:\/\/wordcraft.pro\/pt-br\/wp-json\/wp\/v2\/comments?post=689"}],"version-history":[{"count":9,"href":"https:\/\/wordcraft.pro\/pt-br\/wp-json\/wp\/v2\/pages\/689\/revisions"}],"predecessor-version":[{"id":1265,"href":"https:\/\/wordcraft.pro\/pt-br\/wp-json\/wp\/v2\/pages\/689\/revisions\/1265"}],"wp:attachment":[{"href":"https:\/\/wordcraft.pro\/pt-br\/wp-json\/wp\/v2\/media?parent=689"}],"curies":[{"name":"wp","href":"https:\/\/api.w.org\/{rel}","templated":true}]}}