{"id":692,"date":"2019-04-10T14:58:56","date_gmt":"2019-04-10T14:58:56","guid":{"rendered":"http:\/\/wordcraft.pro\/?page_id=692&#038;lang=pt-br"},"modified":"2019-05-06T17:43:43","modified_gmt":"2019-05-06T17:43:43","slug":"referencias","status":"publish","type":"page","link":"https:\/\/wordcraft.pro\/pt-br\/referencias\/","title":{"rendered":"Refer\u00eancias"},"content":{"rendered":"<p>We have worked with authors, universities, museums and corporate clients to deliver effective communications and high quality content. Here are just a few of our satisfied clients\u2026<\/p>\n<p><strong>AUTHORS<\/strong><br \/>\nRobin Ostle (St John\u2019s College, Oxford University)<br \/>\nChristian Bromberger (CNRS, Maison M\u00e9diterran\u00e9enne des Sciences de l\u2019Homme, MMSH)<br \/>\nRandi DeGuilhem (CNRS, Institut de Recherche et d\u2019Etude du Monde Arabe et Musulman, IREMAM)<br \/>\nMyriam Catusse (CNRS, Institut Fran\u00e7ais du Proche Orient, IFPO)<br \/>\nDaniel Panzac (CNRS, MMSH)<br \/>\nCaroline Renard (CNRS, Aix-Marseille Univeristy)<br \/>\nJean-Marc Zaninetti (CNRS, Universit\u00e9 d\u2019Orl\u00e9ans)<\/p>\n<p><strong>PUBLIC AND PRIVATE ORGANIZATIONS<\/strong><br \/>\nMarseille-Provence European Capital of Culture 2013 (Association de Pr\u00e9figuration Marseille-Provence 2013)<br \/>\nAix-Marseille Chambre of Commerce and Industry<br \/>\nBourbon Offshore<br \/>\nConsulate General of France in New Orleans<br \/>\nUnited States Consulate General in Marseille<br \/>\nConsulate General of Canada in New Orleans<br \/>\nConsulate General of Great Britain in Marseille<br \/>\nCore Advice<br \/>\nEkkyo<br \/>\nEncyclop\u00e6dia Iranica (Columbia University, Department of Iranian Studies, New York)<br \/>\nEnglish-on-Demand<br \/>\nEuroRSCG<br \/>\nEPA Eurom\u00e9diterran\u00e9e<br \/>\nEuropean Science Foundation<br \/>\nVasarely Foundation<br \/>\nGEMPLUS<br \/>\nImpika<br \/>\nInside Secure<br \/>\nISTE Ltd (\u00c9diteur\/Londres)<br \/>\nJean Martin<br \/>\nLondon Natural History Museum<br \/>\nMAABN<br \/>\nMailclub<br \/>\nMarsatwork<br \/>\nEPA Marseille Am\u00e9nagement<br \/>\nNEXCIS<br \/>\nOsteopathic College of Provence<br \/>\nPromeds<br \/>\nProvence Promotion<br \/>\nPublications of the Universities of Provence<br \/>\nRTE<br \/>\nSoci\u00e9t\u00e9 du Terminal M\u00e9thanier de Fos Cavaou<br \/>\nSupersonic Imagine<br \/>\nLa Souris Verte<br \/>\nVaucluse D\u00e9veloppement<\/p>\n<p><strong>PUBLISHERS<\/strong><br \/>\nBiotope<br \/>\nCNRS Editions<br \/>\nI.B. Tauris<br \/>\nInternational Society for Technology in Education (ISTE\/John Wiley)<br \/>\nOxford University Press<br \/>\nPublications Universitaires de Provence<br \/>\nEditora Brasileira<\/p>\n","protected":false},"excerpt":{"rendered":"<p>We have worked with authors, universities, museums and corporate clients to deliver effective communications and high quality content. Here are just a few of our satisfied clients\u2026 AUTHORS Robin Ostle (St John\u2019s College, Oxford University) Christian Bromberger (CNRS, Maison M\u00e9diterran\u00e9enne des Sciences de l\u2019Homme, MMSH) Randi DeGuilhem (CNRS, Institut de Recherche et d\u2019Etude du Monde [&hellip;]<\/p>\n","protected":false},"author":2,"featured_media":0,"parent":0,"menu_order":0,"comment_status":"closed","ping_status":"closed","template":"page-full-no-sidebar.php","meta":[],"_links":{"self":[{"href":"https:\/\/wordcraft.pro\/pt-br\/wp-json\/wp\/v2\/pages\/692"}],"collection":[{"href":"https:\/\/wordcraft.pro\/pt-br\/wp-json\/wp\/v2\/pages"}],"about":[{"href":"https:\/\/wordcraft.pro\/pt-br\/wp-json\/wp\/v2\/types\/page"}],"author":[{"embeddable":true,"href":"https:\/\/wordcraft.pro\/pt-br\/wp-json\/wp\/v2\/users\/2"}],"replies":[{"embeddable":true,"href":"https:\/\/wordcraft.pro\/pt-br\/wp-json\/wp\/v2\/comments?post=692"}],"version-history":[{"count":7,"href":"https:\/\/wordcraft.pro\/pt-br\/wp-json\/wp\/v2\/pages\/692\/revisions"}],"predecessor-version":[{"id":1266,"href":"https:\/\/wordcraft.pro\/pt-br\/wp-json\/wp\/v2\/pages\/692\/revisions\/1266"}],"wp:attachment":[{"href":"https:\/\/wordcraft.pro\/pt-br\/wp-json\/wp\/v2\/media?parent=692"}],"curies":[{"name":"wp","href":"https:\/\/api.w.org\/{rel}","templated":true}]}}