{"id":709,"date":"2019-04-10T15:23:04","date_gmt":"2019-04-10T15:23:04","guid":{"rendered":"http:\/\/wordcraft.pro\/?page_id=709&#038;lang=pt-br"},"modified":"2019-05-06T17:16:39","modified_gmt":"2019-05-06T17:16:39","slug":"traducao-e-desenvolvimento-de-conteudo","status":"publish","type":"page","link":"https:\/\/wordcraft.pro\/pt-br\/traducao-e-desenvolvimento-de-conteudo\/","title":{"rendered":"Tradu\u00e7\u00e3o e Desenvolvimento de Conte\u00fado"},"content":{"rendered":"<p><img loading=\"lazy\" class=\"size-full wp-image-1221 alignnone\" src=\"http:\/\/wordcraft.pro\/wp-content\/uploads\/2019\/05\/clear.png\" alt=\"\" width=\"76\" height=\"100\" \/><\/p>\n<p>&nbsp;<\/p>\n","protected":false},"excerpt":{"rendered":"<p>&nbsp;<\/p>\n","protected":false},"author":2,"featured_media":0,"parent":0,"menu_order":0,"comment_status":"closed","ping_status":"closed","template":"page-full-no-sidebar.php","meta":[],"_links":{"self":[{"href":"https:\/\/wordcraft.pro\/pt-br\/wp-json\/wp\/v2\/pages\/709"}],"collection":[{"href":"https:\/\/wordcraft.pro\/pt-br\/wp-json\/wp\/v2\/pages"}],"about":[{"href":"https:\/\/wordcraft.pro\/pt-br\/wp-json\/wp\/v2\/types\/page"}],"author":[{"embeddable":true,"href":"https:\/\/wordcraft.pro\/pt-br\/wp-json\/wp\/v2\/users\/2"}],"replies":[{"embeddable":true,"href":"https:\/\/wordcraft.pro\/pt-br\/wp-json\/wp\/v2\/comments?post=709"}],"version-history":[{"count":4,"href":"https:\/\/wordcraft.pro\/pt-br\/wp-json\/wp\/v2\/pages\/709\/revisions"}],"predecessor-version":[{"id":1263,"href":"https:\/\/wordcraft.pro\/pt-br\/wp-json\/wp\/v2\/pages\/709\/revisions\/1263"}],"wp:attachment":[{"href":"https:\/\/wordcraft.pro\/pt-br\/wp-json\/wp\/v2\/media?parent=709"}],"curies":[{"name":"wp","href":"https:\/\/api.w.org\/{rel}","templated":true}]}}