{"id":931,"date":"2019-04-15T14:00:08","date_gmt":"2019-04-15T14:00:08","guid":{"rendered":"http:\/\/wordcraft.pro\/?page_id=931&#038;lang=pt-br"},"modified":"2019-05-08T11:07:37","modified_gmt":"2019-05-08T11:07:37","slug":"politica-de-cookies-do-site-wordcraft-pro","status":"publish","type":"page","link":"https:\/\/wordcraft.pro\/pt-br\/politica-de-cookies-do-site-wordcraft-pro\/","title":{"rendered":"Pol\u00edtica de Cookies do site Wordcraft.PRO"},"content":{"rendered":"<p>A recente legisla\u00e7\u00e3o europeia exige que todos os editores digitais (por exemplo, o Portal dos s\u00edtio webs) disponibilizem informa\u00e7\u00e3o sobre a pol\u00edtica do uso de cookies aos seus utilizadores.<\/p>\n<p><strong>\u00a0O que s\u00e3o os cookies e para que servem?<\/strong><br \/>\nOs cookies s\u00e3o pequenos ficheiros de texto que um determinado site coloca num computador ou dispositivo m\u00f3vel (atrav\u00e9s do browser) quando o utilizador acede ao s\u00edtio web. A coloca\u00e7\u00e3o de cookies ajuda o s\u00edtio web a reconhecer o computador ou dispositivo m\u00f3vel da pr\u00f3xima vez que o utilizador o visita, guardando apenas informa\u00e7\u00e3o relacionada com as prefer\u00eancias do utilizador, n\u00e3o incluindo informa\u00e7\u00e3o relativa aos dados pessoais.<\/p>\n<p>\u00a0Os cookies s\u00e3o utilizados pelos sites do Internet para: (1) fins estat\u00edsticos (n\u00famero de visitas ao s\u00edtio web, visualiza\u00e7\u00e3o de p\u00e1ginas, etc.); (2) para guardar as prefer\u00eancias do utilizador relativamente \u00e0 utiliza\u00e7\u00e3o do site, de modo a que n\u00e3o seja necess\u00e1rio o utilizador voltar a introduzir as mesmas informa\u00e7\u00f5es em formul\u00e1rios de cada vez que acede ao site; (3) gest\u00e3o dos conte\u00fados publicit\u00e1rios em fun\u00e7\u00e3o dos interesses de cada utilizador (por exemplo, limitando a quantidade de vezes que v\u00ea um an\u00fancio, medir a efic\u00e1cia da publicidade, etc.); entre outras.<\/p>\n<p><strong>Quais s\u00e3o os cookies utilizados neste site?<\/strong><br \/>\nEste utiliza apenas cookies para fins estat\u00edsticos geridos pelo servi\u00e7o Google Analytics.<\/p>\n<p>O utilizador pode sempre aceder aos cookies estocados no seu computador, configurar o navegador da internet para ser avisado ou impedir a instala\u00e7\u00e3o dos cookies, remover todos os cookies quando efetua uma limpeza do disco.<\/p>\n<p>Este site informa os seus utilizadores acerca da sua pol\u00edtica de cookies atrav\u00e9s de um banner colocado na parte inferior do s\u00edtio web. Ap\u00f3s concordar com a pol\u00edtica de cookies, o banner s\u00f3 voltar\u00e1 a surgir no seu computador ou dispositivo m\u00f3vel ap\u00f3s 6 meses (ou quando efetuar uma limpeza de cookies\/disco).<\/p>\n<p>Para mais informa\u00e7\u00f5es sobre a utiliza\u00e7\u00e3o de cookies consultar o Centro de ajuda da Google. Qualquer quest\u00e3o adicional entre em contacto.<\/p>\n<p>&nbsp;<\/p>\n","protected":false},"excerpt":{"rendered":"<p>A recente legisla\u00e7\u00e3o europeia exige que todos os editores digitais (por exemplo, o Portal dos s\u00edtio webs) disponibilizem informa\u00e7\u00e3o sobre a pol\u00edtica do uso de cookies aos seus utilizadores. \u00a0O que s\u00e3o os cookies e para que servem? Os cookies s\u00e3o pequenos ficheiros de texto que um determinado site coloca num computador ou dispositivo m\u00f3vel [&hellip;]<\/p>\n","protected":false},"author":2,"featured_media":0,"parent":0,"menu_order":0,"comment_status":"closed","ping_status":"closed","template":"page-full-no-sidebar.php","meta":[],"_links":{"self":[{"href":"https:\/\/wordcraft.pro\/pt-br\/wp-json\/wp\/v2\/pages\/931"}],"collection":[{"href":"https:\/\/wordcraft.pro\/pt-br\/wp-json\/wp\/v2\/pages"}],"about":[{"href":"https:\/\/wordcraft.pro\/pt-br\/wp-json\/wp\/v2\/types\/page"}],"author":[{"embeddable":true,"href":"https:\/\/wordcraft.pro\/pt-br\/wp-json\/wp\/v2\/users\/2"}],"replies":[{"embeddable":true,"href":"https:\/\/wordcraft.pro\/pt-br\/wp-json\/wp\/v2\/comments?post=931"}],"version-history":[{"count":5,"href":"https:\/\/wordcraft.pro\/pt-br\/wp-json\/wp\/v2\/pages\/931\/revisions"}],"predecessor-version":[{"id":1277,"href":"https:\/\/wordcraft.pro\/pt-br\/wp-json\/wp\/v2\/pages\/931\/revisions\/1277"}],"wp:attachment":[{"href":"https:\/\/wordcraft.pro\/pt-br\/wp-json\/wp\/v2\/media?parent=931"}],"curies":[{"name":"wp","href":"https:\/\/api.w.org\/{rel}","templated":true}]}}